{"id":2891,"date":"2014-11-15T07:43:56","date_gmt":"2014-11-15T06:43:56","guid":{"rendered":"http:\/\/www.f9languages.eu\/?page_id=2891"},"modified":"2018-07-13T10:55:03","modified_gmt":"2018-07-13T09:55:03","slug":"de-historiek","status":"publish","type":"page","link":"https:\/\/www.f9languages.eu\/?page_id=2891&lang=nl","title":{"rendered":"HISTORIEK"},"content":{"rendered":"<h3 style=\"text-align: left;\"><strong>Over ons<\/strong><\/h3>\n<p>F9 Languages in Brussels, voorheen Fondation 9 genoemd, is een taalschool die in 1989 onder toezicht van de ULB, de Kamer van Koophandel en het Verbond van Ondernemingen te Brussel en de Stad Brussel is opgericht. De vzw onderhoudt nog steeds nauwe banden met de ULB en wordt sinds 2009 geleid door Ch\u00e9rine Kaynak. De vereniging wordt bewust klein gehouden om een flexibele, effici\u00ebnte en warme organisatie te blijven. Er zijn twee personen verantwoordelijk voor het onthaal, de inschrijvingen en de planning van de lessen.\u00a0 De boekhouding en de personeelszaken worden door \u00e9\u00e9n persoon beheerd. De veertigtal professoren worden door drie co\u00f6rdinatoren begeleid. De directie is belast met het behartigen van de commerci\u00eble en financi\u00eble belangen van de vzw. De school beschikt over een ruimte van 400m\u00b2 en is volledig gewijd aan de individuele- en groepslessen, zowel voor particulieren als ondernemingen. Er worden 7 talen onderwezen: Frans, Nederlands, Engels, Duits, Spaans, Italiaans en Portugees. Een van onze grootste troeven is het feit dat de lessen aan elkaar gebonden zijn en deze specifiek opgesteld worden voor ieder individu. Onze lessen worden steeds door moedertaalsprekers gegeven.<\/p>\n","protected":false},"excerpt":{"rendered":"<p>Over ons F9 Languages in Brussels, voorheen Fondation 9 genoemd, is een taalschool die in 1989 onder toezicht van de ULB, de Kamer van Koophandel en het Verbond van Ondernemingen te Brussel en de Stad Brussel is opgericht. De vzw onderhoudt nog steeds nauwe banden met de ULB en wordt sinds 2009 geleid door Ch\u00e9rine [&hellip;]<\/p>\n","protected":false},"author":1,"featured_media":0,"parent":2894,"menu_order":0,"comment_status":"closed","ping_status":"closed","template":"","meta":{"footnotes":""},"_links":{"self":[{"href":"https:\/\/www.f9languages.eu\/index.php?rest_route=\/wp\/v2\/pages\/2891"}],"collection":[{"href":"https:\/\/www.f9languages.eu\/index.php?rest_route=\/wp\/v2\/pages"}],"about":[{"href":"https:\/\/www.f9languages.eu\/index.php?rest_route=\/wp\/v2\/types\/page"}],"author":[{"embeddable":true,"href":"https:\/\/www.f9languages.eu\/index.php?rest_route=\/wp\/v2\/users\/1"}],"replies":[{"embeddable":true,"href":"https:\/\/www.f9languages.eu\/index.php?rest_route=%2Fwp%2Fv2%2Fcomments&post=2891"}],"version-history":[{"count":8,"href":"https:\/\/www.f9languages.eu\/index.php?rest_route=\/wp\/v2\/pages\/2891\/revisions"}],"predecessor-version":[{"id":4353,"href":"https:\/\/www.f9languages.eu\/index.php?rest_route=\/wp\/v2\/pages\/2891\/revisions\/4353"}],"up":[{"embeddable":true,"href":"https:\/\/www.f9languages.eu\/index.php?rest_route=\/wp\/v2\/pages\/2894"}],"wp:attachment":[{"href":"https:\/\/www.f9languages.eu\/index.php?rest_route=%2Fwp%2Fv2%2Fmedia&parent=2891"}],"curies":[{"name":"wp","href":"https:\/\/api.w.org\/{rel}","templated":true}]}}