{"id":2706,"date":"2014-08-27T08:34:53","date_gmt":"2014-08-27T07:34:53","guid":{"rendered":"http:\/\/www.f9languages.eu\/?page_id=2706"},"modified":"2021-03-31T08:22:43","modified_gmt":"2021-03-31T07:22:43","slug":"qualite","status":"publish","type":"page","link":"https:\/\/www.f9languages.eu\/?page_id=2706","title":{"rendered":"Qualit\u00e9"},"content":{"rendered":"<p>Notre d\u00e9marche qualit\u00e9 s&rsquo;appuie sur une approche et une organisation rigoureuses en interne ainsi que sur la prise en compte des \u00e9valuations et remarques ou suggestions des participants.<\/p>\n<p>\u00b7\u00a0\u00a0\u00a0\u00a0\u00a0\u00a0\u00a0\u00a0 Nous attachons une grande attention \u00e0 l&rsquo;engagement de formateurs qualifi\u00e9s :<br \/>\nLa s\u00e9lection se fait sur base de 5 crit\u00e8res fondamentaux : outre le fait d\u2019enseigner leur langue maternelle, nous analysons leur niveau de formation initial, leur exp\u00e9rience, leur comp\u00e9tence et leur flexibilit\u00e9.<\/p>\n<p>\u00b7\u00a0\u00a0\u00a0\u00a0\u00a0\u00a0\u00a0\u00a0 Le coordinateur de la F9 leurs assure une formation r\u00e9guli\u00e8re et un encadrement permanent.<\/p>\n<p>Notre Charte Qualit\u00e9 :<\/p>\n<p>\u00b7\u00a0\u00a0\u00a0\u00a0\u00a0\u00a0\u00a0\u00a0 Premier contact r\u00e9actif, professionnel et humain<br \/>\n\u00b7\u00a0\u00a0\u00a0\u00a0\u00a0\u00a0\u00a0\u00a0 Evaluation initiale fiable du niveau linguistique et identification pr\u00e9cise des besoins<br \/>\n\u00b7\u00a0\u00a0\u00a0\u00a0\u00a0\u00a0\u00a0\u00a0 Conseil\u00a0 p\u00e9dagogique quant au type de formation<br \/>\n\u00b7\u00a0\u00a0\u00a0\u00a0\u00a0\u00a0\u00a0\u00a0 Flexibilit\u00e9 du planning<br \/>\n\u00b7\u00a0\u00a0\u00a0\u00a0\u00a0\u00a0\u00a0\u00a0 D\u00e9signation du formateur qui convient<br \/>\n\u00b7\u00a0\u00a0\u00a0\u00a0\u00a0\u00a0\u00a0\u00a0 Plan de formation sur mesure<br \/>\n\u00b7\u00a0\u00a0\u00a0\u00a0\u00a0\u00a0\u00a0\u00a0 Dialogue permanent avec le formateur<br \/>\n\u00b7\u00a0\u00a0\u00a0\u00a0\u00a0\u00a0\u00a0\u00a0 Suivi qualitatif<br \/>\n\u00b7\u00a0\u00a0\u00a0\u00a0\u00a0\u00a0\u00a0\u00a0 Certificat final de niveau conforme au CECR<\/p>\n<p>UNE QUALIT\u00c9 RECONNUE PAR L&rsquo;ATTRIBUTION DU LABEL QFOR<\/p>\n<p>Pour la 4e fois cons\u00e9cutive, la F9 a obtenu en 2017 le label Qfor attribu\u00e9 aux organismes de formation ayant pass\u00e9, avec succ\u00e8s, un audit de qualit\u00e9.<br \/>\nQfor est un syst\u00e8me modulaire d&rsquo;\u00e9valuation et de certification de la qualit\u00e9 des organismes de formation et de conseil, bas\u00e9 sur l&rsquo;\u00e9tude de la satisfaction de leurs clients et\/ou l&rsquo;analyse de leurs processus et ressources propres.<br \/>\nEn 2017, les clients ont mis comme points forts en avant : la qualit\u00e9 exceptionnelle de nos formateurs, notre flexibilit\u00e9 et la qualit\u00e9 de notre encadrement et de nos infrastructures.<\/p>\n<p>De plus, nous sommes sous l&rsquo;\u00e9gide de l&rsquo;Universit\u00e9 Libre de Bruxelles.<\/p>\n","protected":false},"excerpt":{"rendered":"<p>Notre d\u00e9marche qualit\u00e9 s&rsquo;appuie sur une approche et une organisation rigoureuses en interne ainsi que sur la prise en compte des \u00e9valuations et remarques ou suggestions des participants. \u00b7\u00a0\u00a0\u00a0\u00a0\u00a0\u00a0\u00a0\u00a0 Nous attachons une grande attention \u00e0 l&rsquo;engagement de formateurs qualifi\u00e9s : La s\u00e9lection se fait sur base de 5 crit\u00e8res fondamentaux : outre le fait d\u2019enseigner [&hellip;]<\/p>\n","protected":false},"author":1,"featured_media":0,"parent":2641,"menu_order":0,"comment_status":"closed","ping_status":"closed","template":"","meta":{"footnotes":""},"_links":{"self":[{"href":"https:\/\/www.f9languages.eu\/index.php?rest_route=\/wp\/v2\/pages\/2706"}],"collection":[{"href":"https:\/\/www.f9languages.eu\/index.php?rest_route=\/wp\/v2\/pages"}],"about":[{"href":"https:\/\/www.f9languages.eu\/index.php?rest_route=\/wp\/v2\/types\/page"}],"author":[{"embeddable":true,"href":"https:\/\/www.f9languages.eu\/index.php?rest_route=\/wp\/v2\/users\/1"}],"replies":[{"embeddable":true,"href":"https:\/\/www.f9languages.eu\/index.php?rest_route=%2Fwp%2Fv2%2Fcomments&post=2706"}],"version-history":[{"count":6,"href":"https:\/\/www.f9languages.eu\/index.php?rest_route=\/wp\/v2\/pages\/2706\/revisions"}],"predecessor-version":[{"id":3602,"href":"https:\/\/www.f9languages.eu\/index.php?rest_route=\/wp\/v2\/pages\/2706\/revisions\/3602"}],"up":[{"embeddable":true,"href":"https:\/\/www.f9languages.eu\/index.php?rest_route=\/wp\/v2\/pages\/2641"}],"wp:attachment":[{"href":"https:\/\/www.f9languages.eu\/index.php?rest_route=%2Fwp%2Fv2%2Fmedia&parent=2706"}],"curies":[{"name":"wp","href":"https:\/\/api.w.org\/{rel}","templated":true}]}}