{"id":2704,"date":"2014-08-27T08:34:14","date_gmt":"2014-08-27T07:34:14","guid":{"rendered":"http:\/\/www.f9languages.eu\/?page_id=2704"},"modified":"2024-05-06T12:56:03","modified_gmt":"2024-05-06T11:56:03","slug":"pedagogie","status":"publish","type":"page","link":"https:\/\/www.f9languages.eu\/?page_id=2704","title":{"rendered":"P\u00e9dagogie"},"content":{"rendered":"<h3><strong>PEDAGOGIE<\/strong><\/h3>\n<p>Notre approche commence par une \u00e9coute approfondie de vos besoins. L\u2019apprentissage est sur-mesure de sorte qu&rsquo;aucun cours ne ressemble \u00e0 un autre. Tout est mis en \u0153uvre pour soutenir votre motivation et pour vous faire progresser durablement (attention port\u00e9e au matching apprenant\/coach . tests de niveau . recours \u00e0 vos sens : visuel, auditif, sensitif, kinesth\u00e9sique; utilisation de tableaux interactifs; trucs et astuces; suivi p\u00e9dagogique; encouragements; bienveillance; flexibilit\u00e9). <strong>Notre m\u00e9thode d&rsquo;apprentissage repose sur\u00a03 points\u00a0: <\/strong><\/p>\n<ul>\n<li><b><strong>d\u00e9couverte et\/ou r\u00e9vision ;<\/strong><\/b><\/li>\n<\/ul>\n<ul>\n<li><strong>acquisition via la pratique contextuelle\u00a0;<\/strong><\/li>\n<\/ul>\n<ul>\n<li><strong>r\u00e9p\u00e9tition des phrases-cl\u00e9s pour une acquisition en profondeur.<\/strong><\/li>\n<\/ul>\n<p>Toutefois, des demandes sp\u00e9cifiques peuvent comporter une toute autre approche (cours par skype, par t\u00e9l\u00e9phone, tables de conversations, coaching en pr\u00e9sentation orale, pr\u00e9parations aux examens scolaires ou IELTS, SELOR, pr\u00e9paration aux entretiens d&#8217;embauche&#8230;)<\/p>\n<h4><strong>Notre\u00a0offre en 7 \u00e9tapes :<\/strong><\/h4>\n<ul>\n<li>D\u00e9finition des besoins, moyens et objectifs lors du premier entretien<\/li>\n<li>Offre financi\u00e8re et p\u00e9dagogique<\/li>\n<li>Test oral et\/ou \u00e9crit<\/li>\n<li>Choix du professeur le mieux adapt\u00e9<\/li>\n<li>Etablissement du plan de\u00a0formation lors du premier cours<\/li>\n<li>Evaluation \u00e9crite par le participant \u00e0 mi parcours<\/li>\n<li>Evaluation finale par le participant et rapport p\u00e9dagogique.<\/li>\n<\/ul>\n","protected":false},"excerpt":{"rendered":"<p>PEDAGOGIE Notre approche commence par une \u00e9coute approfondie de vos besoins. L\u2019apprentissage est sur-mesure de sorte qu&rsquo;aucun cours ne ressemble \u00e0 un autre. Tout est mis en \u0153uvre pour soutenir votre motivation et pour vous faire progresser durablement (attention port\u00e9e au matching apprenant\/coach . tests de niveau . recours \u00e0 vos sens : visuel, auditif, [&hellip;]<\/p>\n","protected":false},"author":1,"featured_media":0,"parent":2641,"menu_order":0,"comment_status":"closed","ping_status":"closed","template":"","meta":{"footnotes":""},"_links":{"self":[{"href":"https:\/\/www.f9languages.eu\/index.php?rest_route=\/wp\/v2\/pages\/2704"}],"collection":[{"href":"https:\/\/www.f9languages.eu\/index.php?rest_route=\/wp\/v2\/pages"}],"about":[{"href":"https:\/\/www.f9languages.eu\/index.php?rest_route=\/wp\/v2\/types\/page"}],"author":[{"embeddable":true,"href":"https:\/\/www.f9languages.eu\/index.php?rest_route=\/wp\/v2\/users\/1"}],"replies":[{"embeddable":true,"href":"https:\/\/www.f9languages.eu\/index.php?rest_route=%2Fwp%2Fv2%2Fcomments&post=2704"}],"version-history":[{"count":12,"href":"https:\/\/www.f9languages.eu\/index.php?rest_route=\/wp\/v2\/pages\/2704\/revisions"}],"predecessor-version":[{"id":4526,"href":"https:\/\/www.f9languages.eu\/index.php?rest_route=\/wp\/v2\/pages\/2704\/revisions\/4526"}],"up":[{"embeddable":true,"href":"https:\/\/www.f9languages.eu\/index.php?rest_route=\/wp\/v2\/pages\/2641"}],"wp:attachment":[{"href":"https:\/\/www.f9languages.eu\/index.php?rest_route=%2Fwp%2Fv2%2Fmedia&parent=2704"}],"curies":[{"name":"wp","href":"https:\/\/api.w.org\/{rel}","templated":true}]}}