{"id":2700,"date":"2014-08-27T08:31:27","date_gmt":"2014-08-27T07:31:27","guid":{"rendered":"http:\/\/www.f9languages.eu\/?page_id=2700"},"modified":"2022-05-13T08:22:15","modified_gmt":"2022-05-13T07:22:15","slug":"histoire","status":"publish","type":"page","link":"https:\/\/www.f9languages.eu\/?page_id=2700","title":{"rendered":"Histoire"},"content":{"rendered":"<h3 style=\"text-align: left;\"><strong>L&rsquo;HISTOIRE DE NOTRE CENTRE<\/strong><\/h3>\n<p style=\"text-align: left;\">La F9 Languages in Brussels, anciennement appel\u00e9e \u2018<strong>Fondation 9<\/strong>\u2032, est une \u00e9cole de langues\u00a0 cr\u00e9\u00e9e en 1989 sous l\u2019\u00e9gide de l\u2019Universit\u00e9 libre de Bruxelles (ULB), de la Chambre de Commerce et de l\u2019Industrie (BECI) et de la Ville de Bruxelles.<\/p>\n<p>L\u2019asbl est toujours activement associ\u00e9e \u00e0 l\u2019ULB et dirig\u00e9e par Caroline Boixeda depuis 2018. La structure est petite pour rester flexible, efficace et pour garantir un vrai sur-mesure. L\u2019\u00e9cole a d\u00e9m\u00e9nag\u00e9 en 2018 \u00e0 l&rsquo;avenue Louise 120, pour occuper un tout nouvel espace de 400m2 dans un immeuble passif, et a r\u00e9cemment d\u00e9m\u00e9nag\u00e9 \u00e0 sa nouvelle adresse au <strong>Boulevard Louis Schmidt 87 \u00e0 Etterbeek<\/strong>. Elle se concentre sur l&rsquo;apprentissage de 7 langues : le fran\u00e7ais, le n\u00e9erlandais, l\u2019anglais, l\u2019allemand, l\u2019espagnol, l\u2019italien et le portugais. La F9 reste le partenaire en langues de <strong>M\u00e9decins Sans Fronti\u00e8re<\/strong> depuis plus de dix ans ainsi que diff\u00e9rentes ONG et asbl. Elle\u00a0assure \u00e9galement chaque ann\u00e9e un soutien linguistique\u00a0\u00e0 plus de <strong>3000 \u00e9tudiants de l&rsquo;ULB<\/strong> dans le cadre du <strong>Plan Langues<\/strong>.<\/p>\n","protected":false},"excerpt":{"rendered":"<p>L&rsquo;HISTOIRE DE NOTRE CENTRE La F9 Languages in Brussels, anciennement appel\u00e9e \u2018Fondation 9\u2032, est une \u00e9cole de langues\u00a0 cr\u00e9\u00e9e en 1989 sous l\u2019\u00e9gide de l\u2019Universit\u00e9 libre de Bruxelles (ULB), de la Chambre de Commerce et de l\u2019Industrie (BECI) et de la Ville de Bruxelles. L\u2019asbl est toujours activement associ\u00e9e \u00e0 l\u2019ULB et dirig\u00e9e par Caroline [&hellip;]<\/p>\n","protected":false},"author":1,"featured_media":0,"parent":2641,"menu_order":0,"comment_status":"closed","ping_status":"closed","template":"","meta":{"footnotes":""},"_links":{"self":[{"href":"https:\/\/www.f9languages.eu\/index.php?rest_route=\/wp\/v2\/pages\/2700"}],"collection":[{"href":"https:\/\/www.f9languages.eu\/index.php?rest_route=\/wp\/v2\/pages"}],"about":[{"href":"https:\/\/www.f9languages.eu\/index.php?rest_route=\/wp\/v2\/types\/page"}],"author":[{"embeddable":true,"href":"https:\/\/www.f9languages.eu\/index.php?rest_route=\/wp\/v2\/users\/1"}],"replies":[{"embeddable":true,"href":"https:\/\/www.f9languages.eu\/index.php?rest_route=%2Fwp%2Fv2%2Fcomments&post=2700"}],"version-history":[{"count":11,"href":"https:\/\/www.f9languages.eu\/index.php?rest_route=\/wp\/v2\/pages\/2700\/revisions"}],"predecessor-version":[{"id":4603,"href":"https:\/\/www.f9languages.eu\/index.php?rest_route=\/wp\/v2\/pages\/2700\/revisions\/4603"}],"up":[{"embeddable":true,"href":"https:\/\/www.f9languages.eu\/index.php?rest_route=\/wp\/v2\/pages\/2641"}],"wp:attachment":[{"href":"https:\/\/www.f9languages.eu\/index.php?rest_route=%2Fwp%2Fv2%2Fmedia&parent=2700"}],"curies":[{"name":"wp","href":"https:\/\/api.w.org\/{rel}","templated":true}]}}