{"id":2594,"date":"2014-08-07T07:53:03","date_gmt":"2014-08-07T06:53:03","guid":{"rendered":"http:\/\/localhost:8888\/F9Language\/?page_id=2594"},"modified":"2023-09-07T15:24:01","modified_gmt":"2023-09-07T14:24:01","slug":"entreprise","status":"publish","type":"page","link":"https:\/\/www.f9languages.eu\/?page_id=2594","title":{"rendered":"Cours en entreprise ou \u00e0 la F9 pour cadres, employ\u00e9s et ind\u00e9pendants"},"content":{"rendered":"<h2><strong>Onglet ENTREPRISE \u2013 FORMATIONS DE GROUPE<\/strong><\/h2>\n<p>Les formations \u00ab\u00a0Intra-entreprise\u00a0\u00bb vous permettent d\u2019offrir des cours de langues (anglais, n\u00e9erlandais, fran\u00e7ais, allemand, portugais, espagnol, italien) aux membres de votre soci\u00e9t\u00e9 et ce, soit dans votre entreprise afin d\u2019empi\u00e9ter le moins possible sur le temps de travail, soit \u00e0 la F9.<\/p>\n<ul>\n<li><strong>Que proposons-nous\u00a0?<\/strong><\/li>\n<\/ul>\n<p>Des cours en petits groupes (maximum 8) cibl\u00e9s en fonction des besoins professionnels, des niveaux et des objectifs communs.<\/p>\n<p>Toutes nos formations font l\u2019objet d\u2019un plan de cours \u00e9tablit \u00ab\u00a0sur-mesure\u00a0\u00bb.<\/p>\n<p>Ces formations peuvent \u00eatre classiques ou sous forme de tables de conversations.<\/p>\n<ul>\n<li><strong>Pour qui\u00a0?<\/strong><\/li>\n<\/ul>\n<p>Pour les cadres et les employ\u00e9s de niveaux d\u00e9butants aux plus avanc\u00e9s, ces formations sont un investissement et la garantie de r\u00e9sultats concrets \u00e0 des conditions tarifaires comp\u00e9titives.<\/p>\n<ul>\n<li><strong>Quel est le planning\u00a0?<\/strong><\/li>\n<\/ul>\n<p>Les horaires sont flexibles et variables en fonction de vos desiderata.<\/p>\n<p>Les\u00a0sessions en entreprise sont de minimum 90 minutes.<\/p>\n<p>Les cours peuvent \u00eatre donn\u00e9s du lundi au vendredi entre 8h et 21h (avec possibilit\u00e9 le samedi matin \u00e0 la F9).<\/p>\n<ul>\n<li><strong>Quelle est l\u2019approche p\u00e9dagogique\u00a0?<\/strong><\/li>\n<\/ul>\n<p>La premi\u00e8re \u00e9tape est de faire passer des tests de niveaux afin de valider l\u2019homog\u00e9n\u00e9it\u00e9 des groupes.<\/p>\n<p>Pour ce faire, nous offrons des tests \u00e9crits et oraux qui peuvent \u00eatre faits en entreprise ou \u00e0 la F9.<\/p>\n<p>L\u2019interactivit\u00e9 est le fondement de notre approche p\u00e9dagogique : tout est mis en \u0153uvre pour que les participants soient amen\u00e9s \u00e0 s\u2019exprimer, \u00e0 communiquer. Ils seront les premiers acteurs de leur formation.<\/p>\n<p>Le mat\u00e9riel p\u00e9dagogique est adapt\u00e9 au plan de cours et variable selon les besoins exprim\u00e9s.<\/p>\n<p>Il peut comprendre un syllabus, des extraits de journaux, livres ou d\u2019\u00e9missions radio ou t\u00e9l\u00e9.<\/p>\n<p>Nous disposons \u00e9galement de tableaux interactifs exclusifs.<\/p>\n<h2><strong>Onglet ENTREPRISE \u2013 FORMATIONS INDIVIDUELLES<\/strong><\/h2>\n<p>N\u00e9gocier avec des fournisseurs dans un autre pays\u00a0?<\/p>\n<p>Dialoguer avec une \u00e9quipe multilingue\u00a0?<\/p>\n<p>Coordonner un projet industriel \u00e0 l\u2019\u00e9tranger\u00a0?<\/p>\n<p>La maitrise des langues constitue souvent un alli\u00e9 essentiel \u00e0 votre r\u00e9ussite et au d\u00e9veloppement de vos activit\u00e9s.<\/p>\n<ul>\n<li><strong>Que proposons-nous\u00a0?<\/strong><\/li>\n<\/ul>\n<p>Nous proposons des formations individuelles \u00ab\u00a0sur-mesure\u00a0\u00bb parfaites pour\u00a0concilier\u00a0flexibilit\u00e9\u00a0et adaptabilit\u00e9\u00a0des\u00a0besoins\u00a0de l&rsquo;apprenant.<\/p>\n<p>Les cours peuvent \u00eatre donn\u00e9s en entreprise ou \u00e0 la F9.<\/p>\n<p>Nos professeurs peuvent \u00e9galement vous aider \u00e0 pr\u00e9parer une mission bien d\u00e9finie, une pr\u00e9sentation, un expos\u00e9, une n\u00e9gociation, une expatriation et adapter la formation en fonction du secteur et du vocabulaire sp\u00e9cifique requis.<\/p>\n<p>Nous proposons 3 types de formations\u00a0:<\/p>\n<p>1-\u00a0\u00a0\u00a0 \u00ab \u00e0 la carte\u00a0\u00bb\u00a0: nombre d\u2019heures et horaires flexibles.<\/p>\n<p>2-\u00a0\u00a0\u00a0 \u00ab Intensif \u00bb : formation priv\u00e9e semi intensive sur une semaine avec petit d\u00e9jeuner et lunch avec le formateur.<\/p>\n<ul>\n<li><strong>Pour qui\u00a0?<\/strong><\/li>\n<\/ul>\n<p>Pour toutes personnes\u00a0pr\u00e9sentant\u00a0des\u00a0besoins linguistiques sp\u00e9cifiques\u00a0dans leur domaine d&rsquo;activit\u00e9.<\/p>\n<ul>\n<li><strong>Quel est le planning\u00a0?<\/strong><\/li>\n<\/ul>\n<p>Le planning est flexible et variable en fonction des desiderata.<\/p>\n<p>Les cours peuvent \u00eatre donn\u00e9s du lundi au vendredi entre 8h et 21h avec possibilit\u00e9 le samedi matin \u00e0 la F9.<\/p>\n<ul>\n<li><strong>Quelle est l\u2019approche p\u00e9dagogique\u00a0?<\/strong><\/li>\n<\/ul>\n<p>L\u2019interactivit\u00e9 est le fondement de notre approche p\u00e9dagogique : tout est mis en \u0153uvre pour vous amener \u00e0 vous exprimer, \u00e0 communiquer.<\/p>\n<p>Vous serez le premier acteur de votre formation.<\/p>\n<p>Le contenu de votre formation sera d\u00e9cid\u00e9 en concertation avec votre professeur. Vous b\u00e9n\u00e9ficierez ainsi d\u2019une formation sur mesure correspondant \u00e0 votre niveau et \u00e0 vos besoins.<\/p>\n<p>Notre m\u00e9thode se base essentiellement sur :<\/p>\n<p>&#8211;\u00a0\u00a0\u00a0\u00a0\u00a0\u00a0\u00a0 des conversations\u00a0;<\/p>\n<p>&#8211;\u00a0\u00a0\u00a0\u00a0\u00a0\u00a0\u00a0 des pratiques cr\u00e9atives\u00a0;<\/p>\n<p>&#8211;\u00a0\u00a0\u00a0\u00a0\u00a0\u00a0\u00a0 des jeux de r\u00f4les.<\/p>\n<p>Une approche plus sp\u00e9cifique pour renforcer les aptitudes \u00e9crites ou les pr\u00e9sentations orales peuvent \u00e9galement \u00eatre propos\u00e9es.<\/p>\n<p>Le mat\u00e9riel p\u00e9dagogique sera toujours adapt\u00e9 \u00e0 vos besoins et nos nouveaux tableaux interactifs ne manqueront pas d&rsquo;apporter un support anim\u00e9.<\/p>\n\n\n<div style=\"height:100px\" aria-hidden=\"true\" class=\"wp-block-spacer\"><\/div>\n","protected":false},"excerpt":{"rendered":"<p>Onglet ENTREPRISE \u2013 FORMATIONS DE GROUPE Les formations \u00ab\u00a0Intra-entreprise\u00a0\u00bb vous permettent d\u2019offrir des cours de langues (anglais, n\u00e9erlandais, fran\u00e7ais, allemand, portugais, espagnol, italien) aux membres de votre soci\u00e9t\u00e9 et ce, soit dans votre entreprise afin d\u2019empi\u00e9ter le moins possible sur le temps de travail, soit \u00e0 la F9. Que proposons-nous\u00a0? Des cours en petits groupes [&hellip;]<\/p>\n","protected":false},"author":1,"featured_media":0,"parent":0,"menu_order":2,"comment_status":"closed","ping_status":"closed","template":"","meta":{"footnotes":""},"_links":{"self":[{"href":"https:\/\/www.f9languages.eu\/index.php?rest_route=\/wp\/v2\/pages\/2594"}],"collection":[{"href":"https:\/\/www.f9languages.eu\/index.php?rest_route=\/wp\/v2\/pages"}],"about":[{"href":"https:\/\/www.f9languages.eu\/index.php?rest_route=\/wp\/v2\/types\/page"}],"author":[{"embeddable":true,"href":"https:\/\/www.f9languages.eu\/index.php?rest_route=\/wp\/v2\/users\/1"}],"replies":[{"embeddable":true,"href":"https:\/\/www.f9languages.eu\/index.php?rest_route=%2Fwp%2Fv2%2Fcomments&post=2594"}],"version-history":[{"count":12,"href":"https:\/\/www.f9languages.eu\/index.php?rest_route=\/wp\/v2\/pages\/2594\/revisions"}],"predecessor-version":[{"id":4679,"href":"https:\/\/www.f9languages.eu\/index.php?rest_route=\/wp\/v2\/pages\/2594\/revisions\/4679"}],"wp:attachment":[{"href":"https:\/\/www.f9languages.eu\/index.php?rest_route=%2Fwp%2Fv2%2Fmedia&parent=2594"}],"curies":[{"name":"wp","href":"https:\/\/api.w.org\/{rel}","templated":true}]}}